{"id":501,"date":"2021-08-27T08:57:54","date_gmt":"2021-08-27T06:57:54","guid":{"rendered":"https:\/\/lemonpepper.com.pl\/?page_id=501"},"modified":"2023-11-21T11:56:01","modified_gmt":"2023-11-21T10:56:01","slug":"operator-apartamentow","status":"publish","type":"page","link":"https:\/\/lemonpepper.com.pl\/en\/operator-apartamentow","title":{"rendered":"Operator Apartament\u00f3w"},"content":{"rendered":"","protected":false},"excerpt":{"rendered":"","protected":false},"author":1,"featured_media":455,"parent":0,"menu_order":0,"comment_status":"closed","ping_status":"closed","template":"","meta":{"_acf_changed":false,"footnotes":""},"class_list":["post-501","page","type-page","status-publish","has-post-thumbnail","hentry"],"acf":[],"yoast_head":"<!-- This site is optimized with the Yoast SEO Premium plugin v21.5 (Yoast SEO v27.0) - https:\/\/yoast.com\/product\/yoast-seo-premium-wordpress\/ -->\n<title>Operator Apartament\u00f3w Lemon Pepper - Apartamenty w Jeleniej G\u00f3rze<\/title>\n<meta name=\"description\" content=\"Alternatyw\u0105 dla wynajmu d\u0142ugoterminowego sta\u0142 si\u0119 kr\u00f3tkoterminowy najem mieszka\u0144. Wychodz\u0105c na przeciw takim zmianom na runku mieszkaniowym, stworzyli\u015bmy ofert\u0119, kt\u00f3ra pozwoli zamieni\u0107 Wasz apartament w hotel.\" \/>\n<meta name=\"robots\" content=\"index, follow, max-snippet:-1, max-image-preview:large, max-video-preview:-1\" \/>\n<link rel=\"canonical\" href=\"https:\/\/lemonpepper.com.pl\/en\/operator-apartamentow\/\" \/>\n<meta property=\"og:locale\" content=\"en_GB\" \/>\n<meta property=\"og:type\" content=\"article\" \/>\n<meta property=\"og:title\" content=\"Operator Apartament\u00f3w Lemon Pepper - Apartamenty w Jeleniej G\u00f3rze\" \/>\n<meta property=\"og:description\" content=\"Alternatyw\u0105 dla wynajmu d\u0142ugoterminowego sta\u0142 si\u0119 kr\u00f3tkoterminowy najem mieszka\u0144. Wychodz\u0105c na przeciw takim zmianom na runku mieszkaniowym, stworzyli\u015bmy ofert\u0119, kt\u00f3ra pozwoli zamieni\u0107 Wasz apartament w hotel.\" \/>\n<meta property=\"og:url\" content=\"https:\/\/lemonpepper.com.pl\/en\/operator-apartamentow\/\" \/>\n<meta property=\"og:site_name\" content=\"Lemon Pepper - Apartamenty w Jeleniej G\u00f3rze\" \/>\n<meta property=\"article:publisher\" content=\"https:\/\/www.facebook.com\/lemonpepperapartments\" \/>\n<meta property=\"article:modified_time\" content=\"2023-11-21T10:56:01+00:00\" \/>\n<meta property=\"og:image\" content=\"https:\/\/lemonpepper.com.pl\/wp-content\/uploads\/2021\/08\/IMG_9570.jpg\" \/>\n\t<meta property=\"og:image:width\" content=\"1440\" \/>\n\t<meta property=\"og:image:height\" content=\"1080\" \/>\n\t<meta property=\"og:image:type\" content=\"image\/jpeg\" \/>\n<meta name=\"twitter:card\" content=\"summary_large_image\" \/>\n<script type=\"application\/ld+json\" class=\"yoast-schema-graph\">{\"@context\":\"https:\/\/schema.org\",\"@graph\":[{\"@type\":\"WebPage\",\"@id\":\"https:\/\/lemonpepper.com.pl\/operator-apartamentow\",\"url\":\"https:\/\/lemonpepper.com.pl\/operator-apartamentow\",\"name\":\"Operator Apartament\u00f3w Lemon Pepper - Apartamenty w Jeleniej G\u00f3rze\",\"isPartOf\":{\"@id\":\"https:\/\/lemonpepper.com.pl\/#website\"},\"primaryImageOfPage\":{\"@id\":\"https:\/\/lemonpepper.com.pl\/operator-apartamentow#primaryimage\"},\"image\":{\"@id\":\"https:\/\/lemonpepper.com.pl\/operator-apartamentow#primaryimage\"},\"thumbnailUrl\":\"https:\/\/lemonpepper.com.pl\/wp-content\/uploads\/2021\/08\/IMG_9570.jpg\",\"datePublished\":\"2021-08-27T06:57:54+00:00\",\"dateModified\":\"2023-11-21T10:56:01+00:00\",\"description\":\"Alternatyw\u0105 dla wynajmu d\u0142ugoterminowego sta\u0142 si\u0119 kr\u00f3tkoterminowy najem mieszka\u0144. Wychodz\u0105c na przeciw takim zmianom na runku mieszkaniowym, stworzyli\u015bmy ofert\u0119, kt\u00f3ra pozwoli zamieni\u0107 Wasz apartament w hotel.\",\"inLanguage\":\"en-GB\",\"potentialAction\":[{\"@type\":\"ReadAction\",\"target\":[\"https:\/\/lemonpepper.com.pl\/operator-apartamentow\"]}]},{\"@type\":\"ImageObject\",\"inLanguage\":\"en-GB\",\"@id\":\"https:\/\/lemonpepper.com.pl\/operator-apartamentow#primaryimage\",\"url\":\"https:\/\/lemonpepper.com.pl\/wp-content\/uploads\/2021\/08\/IMG_9570.jpg\",\"contentUrl\":\"https:\/\/lemonpepper.com.pl\/wp-content\/uploads\/2021\/08\/IMG_9570.jpg\",\"width\":1440,\"height\":1080},{\"@type\":\"WebSite\",\"@id\":\"https:\/\/lemonpepper.com.pl\/#website\",\"url\":\"https:\/\/lemonpepper.com.pl\/\",\"name\":\"Lemon Pepper - Apartamenty w Jeleniej G\u00f3rze\",\"description\":\"Apartamenty Lemon Pepper to po\u0142\u0105czenie luksusu i domowego ciep\u0142a.\",\"potentialAction\":[{\"@type\":\"SearchAction\",\"target\":{\"@type\":\"EntryPoint\",\"urlTemplate\":\"https:\/\/lemonpepper.com.pl\/?s={search_term_string}\"},\"query-input\":{\"@type\":\"PropertyValueSpecification\",\"valueRequired\":true,\"valueName\":\"search_term_string\"}}],\"inLanguage\":\"en-GB\"}]}<\/script>\n<!-- \/ Yoast SEO Premium plugin. -->","yoast_head_json":{"title":"Operator Apartament\u00f3w Lemon Pepper - Apartamenty w Jeleniej G\u00f3rze","description":"Alternatyw\u0105 dla wynajmu d\u0142ugoterminowego sta\u0142 si\u0119 kr\u00f3tkoterminowy najem mieszka\u0144. Wychodz\u0105c na przeciw takim zmianom na runku mieszkaniowym, stworzyli\u015bmy ofert\u0119, kt\u00f3ra pozwoli zamieni\u0107 Wasz apartament w hotel.","robots":{"index":"index","follow":"follow","max-snippet":"max-snippet:-1","max-image-preview":"max-image-preview:large","max-video-preview":"max-video-preview:-1"},"canonical":"https:\/\/lemonpepper.com.pl\/en\/operator-apartamentow\/","og_locale":"en_GB","og_type":"article","og_title":"Operator Apartament\u00f3w Lemon Pepper - Apartamenty w Jeleniej G\u00f3rze","og_description":"Alternatyw\u0105 dla wynajmu d\u0142ugoterminowego sta\u0142 si\u0119 kr\u00f3tkoterminowy najem mieszka\u0144. Wychodz\u0105c na przeciw takim zmianom na runku mieszkaniowym, stworzyli\u015bmy ofert\u0119, kt\u00f3ra pozwoli zamieni\u0107 Wasz apartament w hotel.","og_url":"https:\/\/lemonpepper.com.pl\/en\/operator-apartamentow\/","og_site_name":"Lemon Pepper - Apartamenty w Jeleniej G\u00f3rze","article_publisher":"https:\/\/www.facebook.com\/lemonpepperapartments","article_modified_time":"2023-11-21T10:56:01+00:00","og_image":[{"width":1440,"height":1080,"url":"https:\/\/lemonpepper.com.pl\/wp-content\/uploads\/2021\/08\/IMG_9570.jpg","type":"image\/jpeg"}],"twitter_card":"summary_large_image","schema":{"@context":"https:\/\/schema.org","@graph":[{"@type":"WebPage","@id":"https:\/\/lemonpepper.com.pl\/operator-apartamentow","url":"https:\/\/lemonpepper.com.pl\/operator-apartamentow","name":"Operator Apartament\u00f3w Lemon Pepper - Apartamenty w Jeleniej G\u00f3rze","isPartOf":{"@id":"https:\/\/lemonpepper.com.pl\/#website"},"primaryImageOfPage":{"@id":"https:\/\/lemonpepper.com.pl\/operator-apartamentow#primaryimage"},"image":{"@id":"https:\/\/lemonpepper.com.pl\/operator-apartamentow#primaryimage"},"thumbnailUrl":"https:\/\/lemonpepper.com.pl\/wp-content\/uploads\/2021\/08\/IMG_9570.jpg","datePublished":"2021-08-27T06:57:54+00:00","dateModified":"2023-11-21T10:56:01+00:00","description":"Alternatyw\u0105 dla wynajmu d\u0142ugoterminowego sta\u0142 si\u0119 kr\u00f3tkoterminowy najem mieszka\u0144. Wychodz\u0105c na przeciw takim zmianom na runku mieszkaniowym, stworzyli\u015bmy ofert\u0119, kt\u00f3ra pozwoli zamieni\u0107 Wasz apartament w hotel.","inLanguage":"en-GB","potentialAction":[{"@type":"ReadAction","target":["https:\/\/lemonpepper.com.pl\/operator-apartamentow"]}]},{"@type":"ImageObject","inLanguage":"en-GB","@id":"https:\/\/lemonpepper.com.pl\/operator-apartamentow#primaryimage","url":"https:\/\/lemonpepper.com.pl\/wp-content\/uploads\/2021\/08\/IMG_9570.jpg","contentUrl":"https:\/\/lemonpepper.com.pl\/wp-content\/uploads\/2021\/08\/IMG_9570.jpg","width":1440,"height":1080},{"@type":"WebSite","@id":"https:\/\/lemonpepper.com.pl\/#website","url":"https:\/\/lemonpepper.com.pl\/","name":"Lemon Pepper - Apartamenty w Jeleniej G\u00f3rze","description":"Apartamenty Lemon Pepper to po\u0142\u0105czenie luksusu i domowego ciep\u0142a.","potentialAction":[{"@type":"SearchAction","target":{"@type":"EntryPoint","urlTemplate":"https:\/\/lemonpepper.com.pl\/?s={search_term_string}"},"query-input":{"@type":"PropertyValueSpecification","valueRequired":true,"valueName":"search_term_string"}}],"inLanguage":"en-GB"}]}},"_links":{"self":[{"href":"https:\/\/lemonpepper.com.pl\/en\/wp-json\/wp\/v2\/pages\/501","targetHints":{"allow":["GET"]}}],"collection":[{"href":"https:\/\/lemonpepper.com.pl\/en\/wp-json\/wp\/v2\/pages"}],"about":[{"href":"https:\/\/lemonpepper.com.pl\/en\/wp-json\/wp\/v2\/types\/page"}],"author":[{"embeddable":true,"href":"https:\/\/lemonpepper.com.pl\/en\/wp-json\/wp\/v2\/users\/1"}],"replies":[{"embeddable":true,"href":"https:\/\/lemonpepper.com.pl\/en\/wp-json\/wp\/v2\/comments?post=501"}],"version-history":[{"count":22,"href":"https:\/\/lemonpepper.com.pl\/en\/wp-json\/wp\/v2\/pages\/501\/revisions"}],"predecessor-version":[{"id":1314,"href":"https:\/\/lemonpepper.com.pl\/en\/wp-json\/wp\/v2\/pages\/501\/revisions\/1314"}],"wp:featuredmedia":[{"embeddable":true,"href":"https:\/\/lemonpepper.com.pl\/en\/wp-json\/wp\/v2\/media\/455"}],"wp:attachment":[{"href":"https:\/\/lemonpepper.com.pl\/en\/wp-json\/wp\/v2\/media?parent=501"}],"curies":[{"name":"wp","href":"https:\/\/api.w.org\/{rel}","templated":true}]}}