{"id":338,"date":"2020-06-25T15:15:42","date_gmt":"2020-06-25T13:15:42","guid":{"rendered":"https:\/\/lemonpepper.com.pl\/?page_id=338"},"modified":"2022-08-10T13:41:34","modified_gmt":"2022-08-10T11:41:34","slug":"kontakt","status":"publish","type":"page","link":"https:\/\/lemonpepper.com.pl\/en\/kontakt","title":{"rendered":"Kontakt"},"content":{"rendered":"<div id=\"div_block-2-338\" class=\"ct-div-block\" ><div id=\"div_block-3-338\" class=\"ct-div-block\" style=\"background-image:linear-gradient(rgba(0,0,0,0.2), rgba(0,0,0,0.2)), url(https:\/\/lemonpepper.com.pl\/wp-content\/uploads\/2021\/08\/IMG_3279.jpg);background-size:auto,  cover;\" ><\/div><\/div><section id=\"section-5-338\" class=\"ct-section\" ><div class=\"ct-section-inner-wrap\"><div id=\"div_block-6-338\" class=\"ct-div-block\" ><h2 id=\"headline-7-338\" class=\"ct-headline\">Kontakt<\/h2><div id=\"text_block-39-338\" class=\"ct-text-block txt\" >Go\u015b\u0107 mo\u017ce bezp\u0142atnie odwo\u0142a\u0107 rezerwacj\u0119 do 7 dni przed przyjazdem. W przypadku odwo\u0142ania rezerwacji po wyznaczonym terminie, go\u015b\u0107 zostanie obci\u0105\u017cony 100% ca\u0142kowitej ceny rezerwacji.<br><\/div><div id=\"div_block-9-338\" class=\"ct-div-block\" ><a id=\"div_block-10-338\" class=\"ct-link contact-tile\" href=\"tel:+48%20790%20242%20429\" target=\"_self\"  ><div id=\"fancy_icon-11-338\" class=\"ct-fancy-icon\" ><svg id=\"svg-fancy_icon-11-338\"><use xlink:href=\"#FontAwesomeicon-phone\"><\/use><\/svg><\/div><div id=\"text_block-12-338\" class=\"ct-text-block\" ><span id=\"span-45-338\" class=\"ct-span\" >+48 790 242 429<\/span><\/div><\/a><a id=\"div_block-13-338\" class=\"ct-link contact-tile\" href=\"mailto:kontakt@lemonpepper.com.pl\" target=\"_self\"  ><div id=\"fancy_icon-14-338\" class=\"ct-fancy-icon\" ><svg id=\"svg-fancy_icon-14-338\"><use xlink:href=\"#FontAwesomeicon-envelope-o\"><\/use><\/svg><\/div><div id=\"text_block-15-338\" class=\"ct-text-block\" ><span id=\"span-40-338\" class=\"ct-span\" >kontakt@lemonpepper.com.pl<\/span><\/div><\/a><a id=\"div_block-16-338\" class=\"ct-link contact-tile\" href=\"https:\/\/g.page\/lemonpepper?share\" target=\"_self\"  ><div id=\"fancy_icon-17-338\" class=\"ct-fancy-icon\" ><svg id=\"svg-fancy_icon-17-338\"><use xlink:href=\"#FontAwesomeicon-map-marker\"><\/use><\/svg><\/div><div id=\"text_block-18-338\" class=\"ct-text-block\" ><span id=\"span-51-338\" class=\"ct-span\" >Wojska Polskiego 57, 58-500 Jelenia G\u00f3ra<\/span><br><\/div><\/a><a id=\"link-56-338\" class=\"ct-link contact-tile\" href=\"https:\/\/www.facebook.com\/lemonpepperapartments\/\" target=\"_self\"  ><div id=\"fancy_icon-57-338\" class=\"ct-fancy-icon\" ><svg id=\"svg-fancy_icon-57-338\"><use xlink:href=\"#FontAwesomeicon-facebook\"><\/use><\/svg><\/div><div id=\"text_block-58-338\" class=\"ct-text-block\" >Zobacz nas na Facebooku<\/div><\/a><\/div><\/div><div id=\"div_block-21-338\" class=\"ct-div-block\" ><div id=\"code_block-35-338\" class=\"ct-code-block\" >hello world!<\/div><h2 id=\"headline-22-338\" class=\"ct-headline\">Formularz kontaktowy<\/h2><div id=\"shortcode-23-338\" class=\"ct-shortcode txt\" >\n<div class=\"wpcf7 no-js\" id=\"wpcf7-f36-o1\" lang=\"pl-PL\" dir=\"ltr\" data-wpcf7-id=\"36\">\n<div class=\"screen-reader-response\"><p role=\"status\" aria-live=\"polite\" aria-atomic=\"true\"><\/p> <ul><\/ul><\/div>\n<form action=\"\/en\/wp-json\/wp\/v2\/pages\/338#wpcf7-f36-o1\" method=\"post\" class=\"wpcf7-form init\" aria-label=\"Formularz kontaktowy\" novalidate=\"novalidate\" data-status=\"init\" data-trp-original-action=\"\/en\/wp-json\/wp\/v2\/pages\/338#wpcf7-f36-o1\">\n<fieldset class=\"hidden-fields-container\"><input type=\"hidden\" name=\"_wpcf7\" value=\"36\" \/><input type=\"hidden\" name=\"_wpcf7_version\" value=\"6.1.5\" \/><input type=\"hidden\" name=\"_wpcf7_locale\" value=\"pl_PL\" \/><input type=\"hidden\" name=\"_wpcf7_unit_tag\" value=\"wpcf7-f36-o1\" \/><input type=\"hidden\" name=\"_wpcf7_container_post\" value=\"0\" \/><input type=\"hidden\" name=\"_wpcf7_posted_data_hash\" value=\"\" \/>\n<\/fieldset>\n<p><label for=\"name\">Imi\u0119 i nazwisko (wymagane)<\/label><br \/>\n<span class=\"wpcf7-form-control-wrap\" data-name=\"your-name\"><input size=\"40\" maxlength=\"400\" class=\"wpcf7-form-control wpcf7-text wpcf7-validates-as-required form-text\" id=\"name\" aria-required=\"true\" aria-invalid=\"false\" placeholder=\"Imi\u0119 i nazwisko\" value=\"\" type=\"text\" name=\"your-name\" \/><\/span>\n<\/p>\n<p><label for=\"email\">Adres e-mail (wymagane)<\/label><br \/>\n<span class=\"wpcf7-form-control-wrap\" data-name=\"your-email\"><input size=\"40\" maxlength=\"400\" class=\"wpcf7-form-control wpcf7-email wpcf7-validates-as-required wpcf7-text wpcf7-validates-as-email form-text\" id=\"email\" aria-required=\"true\" aria-invalid=\"false\" placeholder=\"Adres e-mail\" value=\"\" type=\"email\" name=\"your-email\" \/><\/span>\n<\/p>\n<p><label for=\"name\">Numer telefonu<\/label><br \/>\n<span class=\"wpcf7-form-control-wrap\" data-name=\"your-phone\"><input size=\"40\" maxlength=\"400\" class=\"wpcf7-form-control wpcf7-text form-text\" id=\"phone\" aria-invalid=\"false\" placeholder=\"Numer telefonu\" value=\"\" type=\"text\" name=\"your-phone\" \/><\/span>\n<\/p>\n<p><label for=\"message\">Tre\u015b\u0107 wiadomo\u015bci<\/label><br \/>\n<span class=\"wpcf7-form-control-wrap\" data-name=\"your-message\"><textarea cols=\"40\" rows=\"4\" maxlength=\"2000\" class=\"wpcf7-form-control wpcf7-textarea form-text\" id=\"message\" aria-invalid=\"false\" placeholder=\"Wiadomo\u015b\u0107\" name=\"your-message\"><\/textarea><\/span>\n<\/p>\n<p><span class=\"wpcf7-form-control-wrap\" data-name=\"acceptance-530\"><span class=\"wpcf7-form-control wpcf7-acceptance\"><span class=\"wpcf7-list-item\"><label><input type=\"checkbox\" name=\"acceptance-530\" value=\"1\" aria-invalid=\"false\" \/><span class=\"wpcf7-list-item-label\">Poprzez klikni\u0119cie przycisku \"Wy\u015blij\" wyra\u017casz zgod\u0119 na przetwarzanie Twoich danych osobowych w celu realizacji zapytania.<\/span><\/label><\/span><\/span><\/span>\n<\/p>\n<p><input class=\"wpcf7-form-control wpcf7-submit has-spinner toress-btn\" type=\"submit\" value=\"Wy\u015blij wiadomo\u015b\u0107\" \/>\n<\/p><div class=\"wpcf7-response-output\" aria-hidden=\"true\"><\/div>\n<input type=\"hidden\" name=\"trp-form-language\" value=\"en\"\/><\/form>\n<\/div>\n<\/div><\/div><\/div><\/section>","protected":false},"excerpt":{"rendered":"","protected":false},"author":1,"featured_media":454,"parent":0,"menu_order":0,"comment_status":"closed","ping_status":"closed","template":"","meta":{"_acf_changed":false,"footnotes":""},"class_list":["post-338","page","type-page","status-publish","has-post-thumbnail","hentry"],"acf":[],"yoast_head":"<!-- This site is optimized with the Yoast SEO Premium plugin v21.5 (Yoast SEO v27.0) - https:\/\/yoast.com\/product\/yoast-seo-premium-wordpress\/ -->\n<title>Kontakt - Lemon Pepper - Apartamenty w Jeleniej G\u00f3rze<\/title>\n<meta name=\"description\" content=\"Kontakt: Apartamenty Lemon Pepper | restauracja Cytrynowy Pieprz\" \/>\n<meta name=\"robots\" content=\"index, follow, max-snippet:-1, max-image-preview:large, max-video-preview:-1\" \/>\n<link rel=\"canonical\" href=\"https:\/\/lemonpepper.com.pl\/en\/kontakt\/\" \/>\n<meta property=\"og:locale\" content=\"en_GB\" \/>\n<meta property=\"og:type\" content=\"article\" \/>\n<meta property=\"og:title\" content=\"Kontakt - Lemon Pepper - Apartamenty w Jeleniej G\u00f3rze\" \/>\n<meta property=\"og:description\" content=\"Kontakt: Apartamenty Lemon Pepper | restauracja Cytrynowy Pieprz\" \/>\n<meta property=\"og:url\" content=\"https:\/\/lemonpepper.com.pl\/en\/kontakt\/\" \/>\n<meta property=\"og:site_name\" content=\"Lemon Pepper - Apartamenty w Jeleniej G\u00f3rze\" \/>\n<meta property=\"article:publisher\" content=\"https:\/\/www.facebook.com\/lemonpepperapartments\" \/>\n<meta property=\"article:modified_time\" content=\"2022-08-10T11:41:34+00:00\" \/>\n<meta property=\"og:image\" content=\"https:\/\/lemonpepper.com.pl\/wp-content\/uploads\/2021\/08\/IMG_3279.jpg\" \/>\n\t<meta property=\"og:image:width\" content=\"1440\" \/>\n\t<meta property=\"og:image:height\" content=\"1080\" \/>\n\t<meta property=\"og:image:type\" content=\"image\/jpeg\" \/>\n<meta name=\"twitter:card\" content=\"summary_large_image\" \/>\n<script type=\"application\/ld+json\" class=\"yoast-schema-graph\">{\"@context\":\"https:\/\/schema.org\",\"@graph\":[{\"@type\":\"WebPage\",\"@id\":\"https:\/\/lemonpepper.com.pl\/kontakt\",\"url\":\"https:\/\/lemonpepper.com.pl\/kontakt\",\"name\":\"Kontakt - Lemon Pepper - Apartamenty w Jeleniej G\u00f3rze\",\"isPartOf\":{\"@id\":\"https:\/\/lemonpepper.com.pl\/#website\"},\"primaryImageOfPage\":{\"@id\":\"https:\/\/lemonpepper.com.pl\/kontakt#primaryimage\"},\"image\":{\"@id\":\"https:\/\/lemonpepper.com.pl\/kontakt#primaryimage\"},\"thumbnailUrl\":\"https:\/\/lemonpepper.com.pl\/wp-content\/uploads\/2021\/08\/IMG_3279.jpg\",\"datePublished\":\"2020-06-25T13:15:42+00:00\",\"dateModified\":\"2022-08-10T11:41:34+00:00\",\"description\":\"Kontakt: Apartamenty Lemon Pepper | restauracja Cytrynowy Pieprz\",\"inLanguage\":\"en-GB\",\"potentialAction\":[{\"@type\":\"ReadAction\",\"target\":[\"https:\/\/lemonpepper.com.pl\/kontakt\"]}]},{\"@type\":\"ImageObject\",\"inLanguage\":\"en-GB\",\"@id\":\"https:\/\/lemonpepper.com.pl\/kontakt#primaryimage\",\"url\":\"https:\/\/lemonpepper.com.pl\/wp-content\/uploads\/2021\/08\/IMG_3279.jpg\",\"contentUrl\":\"https:\/\/lemonpepper.com.pl\/wp-content\/uploads\/2021\/08\/IMG_3279.jpg\",\"width\":1440,\"height\":1080},{\"@type\":\"WebSite\",\"@id\":\"https:\/\/lemonpepper.com.pl\/#website\",\"url\":\"https:\/\/lemonpepper.com.pl\/\",\"name\":\"Lemon Pepper - Apartamenty w Jeleniej G\u00f3rze\",\"description\":\"Apartamenty Lemon Pepper to po\u0142\u0105czenie luksusu i domowego ciep\u0142a.\",\"potentialAction\":[{\"@type\":\"SearchAction\",\"target\":{\"@type\":\"EntryPoint\",\"urlTemplate\":\"https:\/\/lemonpepper.com.pl\/?s={search_term_string}\"},\"query-input\":{\"@type\":\"PropertyValueSpecification\",\"valueRequired\":true,\"valueName\":\"search_term_string\"}}],\"inLanguage\":\"en-GB\"}]}<\/script>\n<!-- \/ Yoast SEO Premium plugin. -->","yoast_head_json":{"title":"Kontakt - Lemon Pepper - Apartamenty w Jeleniej G\u00f3rze","description":"Kontakt: Apartamenty Lemon Pepper | restauracja Cytrynowy Pieprz","robots":{"index":"index","follow":"follow","max-snippet":"max-snippet:-1","max-image-preview":"max-image-preview:large","max-video-preview":"max-video-preview:-1"},"canonical":"https:\/\/lemonpepper.com.pl\/en\/kontakt\/","og_locale":"en_GB","og_type":"article","og_title":"Kontakt - Lemon Pepper - Apartamenty w Jeleniej G\u00f3rze","og_description":"Kontakt: Apartamenty Lemon Pepper | restauracja Cytrynowy Pieprz","og_url":"https:\/\/lemonpepper.com.pl\/en\/kontakt\/","og_site_name":"Lemon Pepper - Apartamenty w Jeleniej G\u00f3rze","article_publisher":"https:\/\/www.facebook.com\/lemonpepperapartments","article_modified_time":"2022-08-10T11:41:34+00:00","og_image":[{"width":1440,"height":1080,"url":"https:\/\/lemonpepper.com.pl\/wp-content\/uploads\/2021\/08\/IMG_3279.jpg","type":"image\/jpeg"}],"twitter_card":"summary_large_image","schema":{"@context":"https:\/\/schema.org","@graph":[{"@type":"WebPage","@id":"https:\/\/lemonpepper.com.pl\/kontakt","url":"https:\/\/lemonpepper.com.pl\/kontakt","name":"Kontakt - Lemon Pepper - Apartamenty w Jeleniej G\u00f3rze","isPartOf":{"@id":"https:\/\/lemonpepper.com.pl\/#website"},"primaryImageOfPage":{"@id":"https:\/\/lemonpepper.com.pl\/kontakt#primaryimage"},"image":{"@id":"https:\/\/lemonpepper.com.pl\/kontakt#primaryimage"},"thumbnailUrl":"https:\/\/lemonpepper.com.pl\/wp-content\/uploads\/2021\/08\/IMG_3279.jpg","datePublished":"2020-06-25T13:15:42+00:00","dateModified":"2022-08-10T11:41:34+00:00","description":"Kontakt: Apartamenty Lemon Pepper | restauracja Cytrynowy Pieprz","inLanguage":"en-GB","potentialAction":[{"@type":"ReadAction","target":["https:\/\/lemonpepper.com.pl\/kontakt"]}]},{"@type":"ImageObject","inLanguage":"en-GB","@id":"https:\/\/lemonpepper.com.pl\/kontakt#primaryimage","url":"https:\/\/lemonpepper.com.pl\/wp-content\/uploads\/2021\/08\/IMG_3279.jpg","contentUrl":"https:\/\/lemonpepper.com.pl\/wp-content\/uploads\/2021\/08\/IMG_3279.jpg","width":1440,"height":1080},{"@type":"WebSite","@id":"https:\/\/lemonpepper.com.pl\/#website","url":"https:\/\/lemonpepper.com.pl\/","name":"Lemon Pepper - Apartamenty w Jeleniej G\u00f3rze","description":"Apartamenty Lemon Pepper to po\u0142\u0105czenie luksusu i domowego ciep\u0142a.","potentialAction":[{"@type":"SearchAction","target":{"@type":"EntryPoint","urlTemplate":"https:\/\/lemonpepper.com.pl\/?s={search_term_string}"},"query-input":{"@type":"PropertyValueSpecification","valueRequired":true,"valueName":"search_term_string"}}],"inLanguage":"en-GB"}]}},"_links":{"self":[{"href":"https:\/\/lemonpepper.com.pl\/en\/wp-json\/wp\/v2\/pages\/338","targetHints":{"allow":["GET"]}}],"collection":[{"href":"https:\/\/lemonpepper.com.pl\/en\/wp-json\/wp\/v2\/pages"}],"about":[{"href":"https:\/\/lemonpepper.com.pl\/en\/wp-json\/wp\/v2\/types\/page"}],"author":[{"embeddable":true,"href":"https:\/\/lemonpepper.com.pl\/en\/wp-json\/wp\/v2\/users\/1"}],"replies":[{"embeddable":true,"href":"https:\/\/lemonpepper.com.pl\/en\/wp-json\/wp\/v2\/comments?post=338"}],"version-history":[{"count":6,"href":"https:\/\/lemonpepper.com.pl\/en\/wp-json\/wp\/v2\/pages\/338\/revisions"}],"predecessor-version":[{"id":494,"href":"https:\/\/lemonpepper.com.pl\/en\/wp-json\/wp\/v2\/pages\/338\/revisions\/494"}],"wp:featuredmedia":[{"embeddable":true,"href":"https:\/\/lemonpepper.com.pl\/en\/wp-json\/wp\/v2\/media\/454"}],"wp:attachment":[{"href":"https:\/\/lemonpepper.com.pl\/en\/wp-json\/wp\/v2\/media?parent=338"}],"curies":[{"name":"wp","href":"https:\/\/api.w.org\/{rel}","templated":true}]}}