{"id":1252,"date":"2023-11-06T09:41:50","date_gmt":"2023-11-06T08:41:50","guid":{"rendered":"https:\/\/lemonpepper.com.pl\/?page_id=1252"},"modified":"2024-06-12T15:26:03","modified_gmt":"2024-06-12T13:26:03","slug":"fotografia-kulinarna","status":"publish","type":"page","link":"https:\/\/lemonpepper.com.pl\/en\/fotografia\/fotografia-kulinarna","title":{"rendered":"Fotografia kulinarna"},"content":{"rendered":"","protected":false},"excerpt":{"rendered":"","protected":false},"author":1,"featured_media":945,"parent":822,"menu_order":0,"comment_status":"closed","ping_status":"closed","template":"","meta":{"_acf_changed":false,"footnotes":""},"class_list":["post-1252","page","type-page","status-publish","has-post-thumbnail","hentry"],"acf":[],"yoast_head":"<!-- This site is optimized with the Yoast SEO Premium plugin v21.5 (Yoast SEO v27.0) - https:\/\/yoast.com\/product\/yoast-seo-premium-wordpress\/ -->\n<title>Fotografia kulinarna - Lemon Pepper - Apartamenty w Jeleniej G\u00f3rze<\/title>\n<meta name=\"description\" content=\"Fotografia kulinarna to sztuka uchwycenia smaku, aromatu i koloru potrawy. Jest to niezwykle wa\u017cne, szczeg\u00f3lnie w bran\u017cy gastronomicznej, gdzie klienci decyduj\u0105 si\u0119 na dania, na podstawie wizualnego wra\u017cenia.\" \/>\n<meta name=\"robots\" content=\"index, follow, max-snippet:-1, max-image-preview:large, max-video-preview:-1\" \/>\n<link rel=\"canonical\" href=\"https:\/\/lemonpepper.com.pl\/en\/fotografia\/fotografia-kulinarna\/\" \/>\n<meta property=\"og:locale\" content=\"en_GB\" \/>\n<meta property=\"og:type\" content=\"article\" \/>\n<meta property=\"og:title\" content=\"Fotografia kulinarna - Lemon Pepper - Apartamenty w Jeleniej G\u00f3rze\" \/>\n<meta property=\"og:description\" content=\"Fotografia kulinarna to sztuka uchwycenia smaku, aromatu i koloru potrawy. Jest to niezwykle wa\u017cne, szczeg\u00f3lnie w bran\u017cy gastronomicznej, gdzie klienci decyduj\u0105 si\u0119 na dania, na podstawie wizualnego wra\u017cenia.\" \/>\n<meta property=\"og:url\" content=\"https:\/\/lemonpepper.com.pl\/en\/fotografia\/fotografia-kulinarna\/\" \/>\n<meta property=\"og:site_name\" content=\"Lemon Pepper - Apartamenty w Jeleniej G\u00f3rze\" \/>\n<meta property=\"article:publisher\" content=\"https:\/\/www.facebook.com\/lemonpepperapartments\" \/>\n<meta property=\"article:modified_time\" content=\"2024-06-12T13:26:03+00:00\" \/>\n<meta property=\"og:image\" content=\"https:\/\/lemonpepper.com.pl\/wp-content\/uploads\/2022\/08\/image_6483441-34.jpg\" \/>\n\t<meta property=\"og:image:width\" content=\"2048\" \/>\n\t<meta property=\"og:image:height\" content=\"1536\" \/>\n\t<meta property=\"og:image:type\" content=\"image\/jpeg\" \/>\n<meta name=\"twitter:card\" content=\"summary_large_image\" \/>\n<meta name=\"twitter:label1\" content=\"Estimated reading time\" \/>\n\t<meta name=\"twitter:data1\" content=\"13 minutes\" \/>\n<script type=\"application\/ld+json\" class=\"yoast-schema-graph\">{\"@context\":\"https:\/\/schema.org\",\"@graph\":[{\"@type\":\"WebPage\",\"@id\":\"https:\/\/lemonpepper.com.pl\/fotografia\/fotografia-kulinarna\",\"url\":\"https:\/\/lemonpepper.com.pl\/fotografia\/fotografia-kulinarna\",\"name\":\"Fotografia kulinarna - Lemon Pepper - Apartamenty w Jeleniej G\u00f3rze\",\"isPartOf\":{\"@id\":\"https:\/\/lemonpepper.com.pl\/#website\"},\"primaryImageOfPage\":{\"@id\":\"https:\/\/lemonpepper.com.pl\/fotografia\/fotografia-kulinarna#primaryimage\"},\"image\":{\"@id\":\"https:\/\/lemonpepper.com.pl\/fotografia\/fotografia-kulinarna#primaryimage\"},\"thumbnailUrl\":\"https:\/\/lemonpepper.com.pl\/wp-content\/uploads\/2022\/08\/image_6483441-34.jpg\",\"datePublished\":\"2023-11-06T08:41:50+00:00\",\"dateModified\":\"2024-06-12T13:26:03+00:00\",\"description\":\"Fotografia kulinarna to sztuka uchwycenia smaku, aromatu i koloru potrawy. Jest to niezwykle wa\u017cne, szczeg\u00f3lnie w bran\u017cy gastronomicznej, gdzie klienci decyduj\u0105 si\u0119 na dania, na podstawie wizualnego wra\u017cenia.\",\"breadcrumb\":{\"@id\":\"https:\/\/lemonpepper.com.pl\/fotografia\/fotografia-kulinarna#breadcrumb\"},\"inLanguage\":\"en-GB\",\"potentialAction\":[{\"@type\":\"ReadAction\",\"target\":[\"https:\/\/lemonpepper.com.pl\/fotografia\/fotografia-kulinarna\"]}]},{\"@type\":\"ImageObject\",\"inLanguage\":\"en-GB\",\"@id\":\"https:\/\/lemonpepper.com.pl\/fotografia\/fotografia-kulinarna#primaryimage\",\"url\":\"https:\/\/lemonpepper.com.pl\/wp-content\/uploads\/2022\/08\/image_6483441-34.jpg\",\"contentUrl\":\"https:\/\/lemonpepper.com.pl\/wp-content\/uploads\/2022\/08\/image_6483441-34.jpg\",\"width\":2048,\"height\":1536},{\"@type\":\"BreadcrumbList\",\"@id\":\"https:\/\/lemonpepper.com.pl\/fotografia\/fotografia-kulinarna#breadcrumb\",\"itemListElement\":[{\"@type\":\"ListItem\",\"position\":1,\"name\":\"Fotografia\",\"item\":\"https:\/\/lemonpepper.com.pl\/fotografia\"},{\"@type\":\"ListItem\",\"position\":2,\"name\":\"Fotografia kulinarna\"}]},{\"@type\":\"WebSite\",\"@id\":\"https:\/\/lemonpepper.com.pl\/#website\",\"url\":\"https:\/\/lemonpepper.com.pl\/\",\"name\":\"Lemon Pepper - Apartamenty w Jeleniej G\u00f3rze\",\"description\":\"Apartamenty Lemon Pepper to po\u0142\u0105czenie luksusu i domowego ciep\u0142a.\",\"potentialAction\":[{\"@type\":\"SearchAction\",\"target\":{\"@type\":\"EntryPoint\",\"urlTemplate\":\"https:\/\/lemonpepper.com.pl\/?s={search_term_string}\"},\"query-input\":{\"@type\":\"PropertyValueSpecification\",\"valueRequired\":true,\"valueName\":\"search_term_string\"}}],\"inLanguage\":\"en-GB\"}]}<\/script>\n<!-- \/ Yoast SEO Premium plugin. -->","yoast_head_json":{"title":"Fotografia kulinarna - Lemon Pepper - Apartamenty w Jeleniej G\u00f3rze","description":"Fotografia kulinarna to sztuka uchwycenia smaku, aromatu i koloru potrawy. Jest to niezwykle wa\u017cne, szczeg\u00f3lnie w bran\u017cy gastronomicznej, gdzie klienci decyduj\u0105 si\u0119 na dania, na podstawie wizualnego wra\u017cenia.","robots":{"index":"index","follow":"follow","max-snippet":"max-snippet:-1","max-image-preview":"max-image-preview:large","max-video-preview":"max-video-preview:-1"},"canonical":"https:\/\/lemonpepper.com.pl\/en\/fotografia\/fotografia-kulinarna\/","og_locale":"en_GB","og_type":"article","og_title":"Fotografia kulinarna - Lemon Pepper - Apartamenty w Jeleniej G\u00f3rze","og_description":"Fotografia kulinarna to sztuka uchwycenia smaku, aromatu i koloru potrawy. Jest to niezwykle wa\u017cne, szczeg\u00f3lnie w bran\u017cy gastronomicznej, gdzie klienci decyduj\u0105 si\u0119 na dania, na podstawie wizualnego wra\u017cenia.","og_url":"https:\/\/lemonpepper.com.pl\/en\/fotografia\/fotografia-kulinarna\/","og_site_name":"Lemon Pepper - Apartamenty w Jeleniej G\u00f3rze","article_publisher":"https:\/\/www.facebook.com\/lemonpepperapartments","article_modified_time":"2024-06-12T13:26:03+00:00","og_image":[{"width":2048,"height":1536,"url":"https:\/\/lemonpepper.com.pl\/wp-content\/uploads\/2022\/08\/image_6483441-34.jpg","type":"image\/jpeg"}],"twitter_card":"summary_large_image","twitter_misc":{"Estimated reading time":"13 minutes"},"schema":{"@context":"https:\/\/schema.org","@graph":[{"@type":"WebPage","@id":"https:\/\/lemonpepper.com.pl\/fotografia\/fotografia-kulinarna","url":"https:\/\/lemonpepper.com.pl\/fotografia\/fotografia-kulinarna","name":"Fotografia kulinarna - Lemon Pepper - Apartamenty w Jeleniej G\u00f3rze","isPartOf":{"@id":"https:\/\/lemonpepper.com.pl\/#website"},"primaryImageOfPage":{"@id":"https:\/\/lemonpepper.com.pl\/fotografia\/fotografia-kulinarna#primaryimage"},"image":{"@id":"https:\/\/lemonpepper.com.pl\/fotografia\/fotografia-kulinarna#primaryimage"},"thumbnailUrl":"https:\/\/lemonpepper.com.pl\/wp-content\/uploads\/2022\/08\/image_6483441-34.jpg","datePublished":"2023-11-06T08:41:50+00:00","dateModified":"2024-06-12T13:26:03+00:00","description":"Fotografia kulinarna to sztuka uchwycenia smaku, aromatu i koloru potrawy. Jest to niezwykle wa\u017cne, szczeg\u00f3lnie w bran\u017cy gastronomicznej, gdzie klienci decyduj\u0105 si\u0119 na dania, na podstawie wizualnego wra\u017cenia.","breadcrumb":{"@id":"https:\/\/lemonpepper.com.pl\/fotografia\/fotografia-kulinarna#breadcrumb"},"inLanguage":"en-GB","potentialAction":[{"@type":"ReadAction","target":["https:\/\/lemonpepper.com.pl\/fotografia\/fotografia-kulinarna"]}]},{"@type":"ImageObject","inLanguage":"en-GB","@id":"https:\/\/lemonpepper.com.pl\/fotografia\/fotografia-kulinarna#primaryimage","url":"https:\/\/lemonpepper.com.pl\/wp-content\/uploads\/2022\/08\/image_6483441-34.jpg","contentUrl":"https:\/\/lemonpepper.com.pl\/wp-content\/uploads\/2022\/08\/image_6483441-34.jpg","width":2048,"height":1536},{"@type":"BreadcrumbList","@id":"https:\/\/lemonpepper.com.pl\/fotografia\/fotografia-kulinarna#breadcrumb","itemListElement":[{"@type":"ListItem","position":1,"name":"Fotografia","item":"https:\/\/lemonpepper.com.pl\/fotografia"},{"@type":"ListItem","position":2,"name":"Fotografia kulinarna"}]},{"@type":"WebSite","@id":"https:\/\/lemonpepper.com.pl\/#website","url":"https:\/\/lemonpepper.com.pl\/","name":"Lemon Pepper - Apartamenty w Jeleniej G\u00f3rze","description":"Apartamenty Lemon Pepper to po\u0142\u0105czenie luksusu i domowego ciep\u0142a.","potentialAction":[{"@type":"SearchAction","target":{"@type":"EntryPoint","urlTemplate":"https:\/\/lemonpepper.com.pl\/?s={search_term_string}"},"query-input":{"@type":"PropertyValueSpecification","valueRequired":true,"valueName":"search_term_string"}}],"inLanguage":"en-GB"}]}},"_links":{"self":[{"href":"https:\/\/lemonpepper.com.pl\/en\/wp-json\/wp\/v2\/pages\/1252","targetHints":{"allow":["GET"]}}],"collection":[{"href":"https:\/\/lemonpepper.com.pl\/en\/wp-json\/wp\/v2\/pages"}],"about":[{"href":"https:\/\/lemonpepper.com.pl\/en\/wp-json\/wp\/v2\/types\/page"}],"author":[{"embeddable":true,"href":"https:\/\/lemonpepper.com.pl\/en\/wp-json\/wp\/v2\/users\/1"}],"replies":[{"embeddable":true,"href":"https:\/\/lemonpepper.com.pl\/en\/wp-json\/wp\/v2\/comments?post=1252"}],"version-history":[{"count":3,"href":"https:\/\/lemonpepper.com.pl\/en\/wp-json\/wp\/v2\/pages\/1252\/revisions"}],"predecessor-version":[{"id":1319,"href":"https:\/\/lemonpepper.com.pl\/en\/wp-json\/wp\/v2\/pages\/1252\/revisions\/1319"}],"up":[{"embeddable":true,"href":"https:\/\/lemonpepper.com.pl\/en\/wp-json\/wp\/v2\/pages\/822"}],"wp:featuredmedia":[{"embeddable":true,"href":"https:\/\/lemonpepper.com.pl\/en\/wp-json\/wp\/v2\/media\/945"}],"wp:attachment":[{"href":"https:\/\/lemonpepper.com.pl\/en\/wp-json\/wp\/v2\/media?parent=1252"}],"curies":[{"name":"wp","href":"https:\/\/api.w.org\/{rel}","templated":true}]}}