{"id":1248,"date":"2023-11-06T09:35:12","date_gmt":"2023-11-06T08:35:12","guid":{"rendered":"https:\/\/lemonpepper.com.pl\/?page_id=1248"},"modified":"2026-03-11T14:39:29","modified_gmt":"2026-03-11T13:39:29","slug":"fotografia-nieruchomosci","status":"publish","type":"page","link":"https:\/\/lemonpepper.com.pl\/en\/fotografia\/fotografia-nieruchomosci","title":{"rendered":"Fotografia Nieruchomo\u015bci"},"content":{"rendered":"","protected":false},"excerpt":{"rendered":"","protected":false},"author":1,"featured_media":1136,"parent":822,"menu_order":0,"comment_status":"closed","ping_status":"closed","template":"","meta":{"_acf_changed":false,"footnotes":""},"class_list":["post-1248","page","type-page","status-publish","has-post-thumbnail","hentry"],"acf":[],"yoast_head":"<!-- This site is optimized with the Yoast SEO Premium plugin v21.5 (Yoast SEO v27.0) - https:\/\/yoast.com\/product\/yoast-seo-premium-wordpress\/ -->\n<title>Fotografia Nieruchomo\u015bci - Lemon Pepper - Apartamenty w Jeleniej G\u00f3rze<\/title>\n<meta name=\"description\" content=\"Specjalizujemy si\u0119 w profesjonalnej fotografii nieruchomo\u015bci, architektury, apartament\u00f3w oraz hoteli.\" \/>\n<meta name=\"robots\" content=\"index, follow, max-snippet:-1, max-image-preview:large, max-video-preview:-1\" \/>\n<link rel=\"canonical\" href=\"https:\/\/lemonpepper.com.pl\/en\/fotografia\/fotografia-nieruchomosci\/\" \/>\n<meta property=\"og:locale\" content=\"en_GB\" \/>\n<meta property=\"og:type\" content=\"article\" \/>\n<meta property=\"og:title\" content=\"Fotografia wn\u0119trz i nieruchomo\u015bci. Zdj\u0119cia i filmu z drona.\" \/>\n<meta property=\"og:description\" content=\"Specjalizujemy si\u0119 w profesjonalnej fotografii nieruchomo\u015bci, architektury, apartament\u00f3w oraz hoteli.\" \/>\n<meta property=\"og:url\" content=\"https:\/\/lemonpepper.com.pl\/en\/fotografia\/fotografia-nieruchomosci\/\" \/>\n<meta property=\"og:site_name\" content=\"Lemon Pepper - Apartamenty w Jeleniej G\u00f3rze\" \/>\n<meta property=\"article:publisher\" content=\"https:\/\/www.facebook.com\/lemonpepperapartments\" \/>\n<meta property=\"article:modified_time\" content=\"2026-03-11T13:39:29+00:00\" \/>\n<meta property=\"og:image\" content=\"https:\/\/lemonpepper.com.pl\/wp-content\/uploads\/2023\/09\/IMG_8585-scaled.jpeg\" \/>\n\t<meta property=\"og:image:width\" content=\"2560\" \/>\n\t<meta property=\"og:image:height\" content=\"1920\" \/>\n\t<meta property=\"og:image:type\" content=\"image\/jpeg\" \/>\n<meta name=\"twitter:card\" content=\"summary_large_image\" \/>\n<meta name=\"twitter:label1\" content=\"Estimated reading time\" \/>\n\t<meta name=\"twitter:data1\" content=\"27 minutes\" \/>\n<script type=\"application\/ld+json\" class=\"yoast-schema-graph\">{\"@context\":\"https:\/\/schema.org\",\"@graph\":[{\"@type\":\"WebPage\",\"@id\":\"https:\/\/lemonpepper.com.pl\/fotografia\/fotografia-nieruchomosci\",\"url\":\"https:\/\/lemonpepper.com.pl\/fotografia\/fotografia-nieruchomosci\",\"name\":\"Fotografia Nieruchomo\u015bci - Lemon Pepper - Apartamenty w Jeleniej G\u00f3rze\",\"isPartOf\":{\"@id\":\"https:\/\/lemonpepper.com.pl\/#website\"},\"primaryImageOfPage\":{\"@id\":\"https:\/\/lemonpepper.com.pl\/fotografia\/fotografia-nieruchomosci#primaryimage\"},\"image\":{\"@id\":\"https:\/\/lemonpepper.com.pl\/fotografia\/fotografia-nieruchomosci#primaryimage\"},\"thumbnailUrl\":\"https:\/\/lemonpepper.com.pl\/wp-content\/uploads\/2023\/09\/IMG_8585-scaled.jpeg\",\"datePublished\":\"2023-11-06T08:35:12+00:00\",\"dateModified\":\"2026-03-11T13:39:29+00:00\",\"description\":\"Specjalizujemy si\u0119 w profesjonalnej fotografii nieruchomo\u015bci, architektury, apartament\u00f3w oraz hoteli.\",\"breadcrumb\":{\"@id\":\"https:\/\/lemonpepper.com.pl\/fotografia\/fotografia-nieruchomosci#breadcrumb\"},\"inLanguage\":\"en-GB\",\"potentialAction\":[{\"@type\":\"ReadAction\",\"target\":[\"https:\/\/lemonpepper.com.pl\/fotografia\/fotografia-nieruchomosci\"]}]},{\"@type\":\"ImageObject\",\"inLanguage\":\"en-GB\",\"@id\":\"https:\/\/lemonpepper.com.pl\/fotografia\/fotografia-nieruchomosci#primaryimage\",\"url\":\"https:\/\/lemonpepper.com.pl\/wp-content\/uploads\/2023\/09\/IMG_8585-scaled.jpeg\",\"contentUrl\":\"https:\/\/lemonpepper.com.pl\/wp-content\/uploads\/2023\/09\/IMG_8585-scaled.jpeg\",\"width\":2560,\"height\":1920},{\"@type\":\"BreadcrumbList\",\"@id\":\"https:\/\/lemonpepper.com.pl\/fotografia\/fotografia-nieruchomosci#breadcrumb\",\"itemListElement\":[{\"@type\":\"ListItem\",\"position\":1,\"name\":\"Fotografia\",\"item\":\"https:\/\/lemonpepper.com.pl\/fotografia\"},{\"@type\":\"ListItem\",\"position\":2,\"name\":\"Fotografia Nieruchomo\u015bci\"}]},{\"@type\":\"WebSite\",\"@id\":\"https:\/\/lemonpepper.com.pl\/#website\",\"url\":\"https:\/\/lemonpepper.com.pl\/\",\"name\":\"Lemon Pepper - Apartamenty w Jeleniej G\u00f3rze\",\"description\":\"Apartamenty Lemon Pepper to po\u0142\u0105czenie luksusu i domowego ciep\u0142a.\",\"potentialAction\":[{\"@type\":\"SearchAction\",\"target\":{\"@type\":\"EntryPoint\",\"urlTemplate\":\"https:\/\/lemonpepper.com.pl\/?s={search_term_string}\"},\"query-input\":{\"@type\":\"PropertyValueSpecification\",\"valueRequired\":true,\"valueName\":\"search_term_string\"}}],\"inLanguage\":\"en-GB\"}]}<\/script>\n<!-- \/ Yoast SEO Premium plugin. -->","yoast_head_json":{"title":"Fotografia Nieruchomo\u015bci - Lemon Pepper - Apartamenty w Jeleniej G\u00f3rze","description":"Specjalizujemy si\u0119 w profesjonalnej fotografii nieruchomo\u015bci, architektury, apartament\u00f3w oraz hoteli.","robots":{"index":"index","follow":"follow","max-snippet":"max-snippet:-1","max-image-preview":"max-image-preview:large","max-video-preview":"max-video-preview:-1"},"canonical":"https:\/\/lemonpepper.com.pl\/en\/fotografia\/fotografia-nieruchomosci\/","og_locale":"en_GB","og_type":"article","og_title":"Fotografia wn\u0119trz i nieruchomo\u015bci. Zdj\u0119cia i filmu z drona.","og_description":"Specjalizujemy si\u0119 w profesjonalnej fotografii nieruchomo\u015bci, architektury, apartament\u00f3w oraz hoteli.","og_url":"https:\/\/lemonpepper.com.pl\/en\/fotografia\/fotografia-nieruchomosci\/","og_site_name":"Lemon Pepper - Apartamenty w Jeleniej G\u00f3rze","article_publisher":"https:\/\/www.facebook.com\/lemonpepperapartments","article_modified_time":"2026-03-11T13:39:29+00:00","og_image":[{"width":2560,"height":1920,"url":"https:\/\/lemonpepper.com.pl\/wp-content\/uploads\/2023\/09\/IMG_8585-scaled.jpeg","type":"image\/jpeg"}],"twitter_card":"summary_large_image","twitter_misc":{"Estimated reading time":"27 minutes"},"schema":{"@context":"https:\/\/schema.org","@graph":[{"@type":"WebPage","@id":"https:\/\/lemonpepper.com.pl\/fotografia\/fotografia-nieruchomosci","url":"https:\/\/lemonpepper.com.pl\/fotografia\/fotografia-nieruchomosci","name":"Fotografia Nieruchomo\u015bci - Lemon Pepper - Apartamenty w Jeleniej G\u00f3rze","isPartOf":{"@id":"https:\/\/lemonpepper.com.pl\/#website"},"primaryImageOfPage":{"@id":"https:\/\/lemonpepper.com.pl\/fotografia\/fotografia-nieruchomosci#primaryimage"},"image":{"@id":"https:\/\/lemonpepper.com.pl\/fotografia\/fotografia-nieruchomosci#primaryimage"},"thumbnailUrl":"https:\/\/lemonpepper.com.pl\/wp-content\/uploads\/2023\/09\/IMG_8585-scaled.jpeg","datePublished":"2023-11-06T08:35:12+00:00","dateModified":"2026-03-11T13:39:29+00:00","description":"Specjalizujemy si\u0119 w profesjonalnej fotografii nieruchomo\u015bci, architektury, apartament\u00f3w oraz hoteli.","breadcrumb":{"@id":"https:\/\/lemonpepper.com.pl\/fotografia\/fotografia-nieruchomosci#breadcrumb"},"inLanguage":"en-GB","potentialAction":[{"@type":"ReadAction","target":["https:\/\/lemonpepper.com.pl\/fotografia\/fotografia-nieruchomosci"]}]},{"@type":"ImageObject","inLanguage":"en-GB","@id":"https:\/\/lemonpepper.com.pl\/fotografia\/fotografia-nieruchomosci#primaryimage","url":"https:\/\/lemonpepper.com.pl\/wp-content\/uploads\/2023\/09\/IMG_8585-scaled.jpeg","contentUrl":"https:\/\/lemonpepper.com.pl\/wp-content\/uploads\/2023\/09\/IMG_8585-scaled.jpeg","width":2560,"height":1920},{"@type":"BreadcrumbList","@id":"https:\/\/lemonpepper.com.pl\/fotografia\/fotografia-nieruchomosci#breadcrumb","itemListElement":[{"@type":"ListItem","position":1,"name":"Fotografia","item":"https:\/\/lemonpepper.com.pl\/fotografia"},{"@type":"ListItem","position":2,"name":"Fotografia Nieruchomo\u015bci"}]},{"@type":"WebSite","@id":"https:\/\/lemonpepper.com.pl\/#website","url":"https:\/\/lemonpepper.com.pl\/","name":"Lemon Pepper - Apartamenty w Jeleniej G\u00f3rze","description":"Apartamenty Lemon Pepper to po\u0142\u0105czenie luksusu i domowego ciep\u0142a.","potentialAction":[{"@type":"SearchAction","target":{"@type":"EntryPoint","urlTemplate":"https:\/\/lemonpepper.com.pl\/?s={search_term_string}"},"query-input":{"@type":"PropertyValueSpecification","valueRequired":true,"valueName":"search_term_string"}}],"inLanguage":"en-GB"}]}},"_links":{"self":[{"href":"https:\/\/lemonpepper.com.pl\/en\/wp-json\/wp\/v2\/pages\/1248","targetHints":{"allow":["GET"]}}],"collection":[{"href":"https:\/\/lemonpepper.com.pl\/en\/wp-json\/wp\/v2\/pages"}],"about":[{"href":"https:\/\/lemonpepper.com.pl\/en\/wp-json\/wp\/v2\/types\/page"}],"author":[{"embeddable":true,"href":"https:\/\/lemonpepper.com.pl\/en\/wp-json\/wp\/v2\/users\/1"}],"replies":[{"embeddable":true,"href":"https:\/\/lemonpepper.com.pl\/en\/wp-json\/wp\/v2\/comments?post=1248"}],"version-history":[{"count":80,"href":"https:\/\/lemonpepper.com.pl\/en\/wp-json\/wp\/v2\/pages\/1248\/revisions"}],"predecessor-version":[{"id":1503,"href":"https:\/\/lemonpepper.com.pl\/en\/wp-json\/wp\/v2\/pages\/1248\/revisions\/1503"}],"up":[{"embeddable":true,"href":"https:\/\/lemonpepper.com.pl\/en\/wp-json\/wp\/v2\/pages\/822"}],"wp:featuredmedia":[{"embeddable":true,"href":"https:\/\/lemonpepper.com.pl\/en\/wp-json\/wp\/v2\/media\/1136"}],"wp:attachment":[{"href":"https:\/\/lemonpepper.com.pl\/en\/wp-json\/wp\/v2\/media?parent=1248"}],"curies":[{"name":"wp","href":"https:\/\/api.w.org\/{rel}","templated":true}]}}